{"id":9433,"date":"2026-04-29T22:50:52","date_gmt":"2026-04-29T22:50:52","guid":{"rendered":"https:\/\/towerbooks.co\/?post_type=product&#038;p=9433"},"modified":"2026-04-29T22:50:52","modified_gmt":"2026-04-29T22:50:52","slug":"antologia-teatral","status":"publish","type":"product","link":"https:\/\/towerbooks.co\/?product=antologia-teatral","title":{"rendered":"Antolog\u00eda Teatral"},"content":{"rendered":"<p><span style=\"font-weight: 400;\">Rescatemos aquellos maravillosos autores de obras importantes, conocidas y algunas no muy conocidas por algunos lectores.<\/span><\/p>\n<p><span style=\"font-weight: 400;\">Federico Garc\u00eda Lorca: La ni\u00f1a que riega la albahaca y el pr\u00edncipe pregunt\u00f3n.<br \/>\nAntigua obra en tres estampas y un cromo. (1923).<br \/>\n<\/span><span style=\"font-weight: 400;\">Alejandro Casona: Sancho panza en la \u00ednsula Barataria. (1.947).<br \/>\n<\/span><span style=\"font-weight: 400;\">An\u00f3nimo Franc\u00e9s: La tina de la colada. (Siglo XV).<br \/>\nRam\u00f3n Mar\u00eda del Valle: Farsa infantil de la cabeza del drag\u00f3n. (1914).<\/span><\/p>\n","protected":false},"excerpt":{"rendered":"<p>Incluye: Cartilla de actividades &#8211; Conc\u00e9ntrate &#8211; Stickers<br \/>\nEncuadernaci\u00f3n rustica<br \/>\nFormato: 20 cm x 13 cm<\/p>\n<p>Fuera de Serie<\/p>\n<p>12 &#8211; 17 a\u00f1os<\/p>\n","protected":false},"featured_media":9434,"comment_status":"open","ping_status":"closed","template":"","meta":{"_themeisle_gutenberg_block_has_review":false},"product_cat":[29,31,33,37,38,39,44,51],"product_tag":[35],"class_list":{"0":"post-9433","1":"product","2":"type-product","3":"status-publish","4":"has-post-thumbnail","6":"product_cat-activity-books","7":"product_cat-anthologies","8":"product_cat-arts-literature","9":"product_cat-classics","10":"product_cat-contemporary","11":"product_cat-cultural","12":"product_cat-european","13":"product_cat-historical","14":"product_tag-books","15":"pa_book-author-evelyn-navarro","17":"first","18":"instock","19":"shipping-taxable","20":"purchasable","21":"product-type-simple"},"_links":{"self":[{"href":"https:\/\/towerbooks.co\/index.php?rest_route=\/wp\/v2\/product\/9433","targetHints":{"allow":["GET"]}}],"collection":[{"href":"https:\/\/towerbooks.co\/index.php?rest_route=\/wp\/v2\/product"}],"about":[{"href":"https:\/\/towerbooks.co\/index.php?rest_route=\/wp\/v2\/types\/product"}],"replies":[{"embeddable":true,"href":"https:\/\/towerbooks.co\/index.php?rest_route=%2Fwp%2Fv2%2Fcomments&post=9433"}],"wp:featuredmedia":[{"embeddable":true,"href":"https:\/\/towerbooks.co\/index.php?rest_route=\/wp\/v2\/media\/9434"}],"wp:attachment":[{"href":"https:\/\/towerbooks.co\/index.php?rest_route=%2Fwp%2Fv2%2Fmedia&parent=9433"}],"wp:term":[{"taxonomy":"product_cat","embeddable":true,"href":"https:\/\/towerbooks.co\/index.php?rest_route=%2Fwp%2Fv2%2Fproduct_cat&post=9433"},{"taxonomy":"product_tag","embeddable":true,"href":"https:\/\/towerbooks.co\/index.php?rest_route=%2Fwp%2Fv2%2Fproduct_tag&post=9433"}],"curies":[{"name":"wp","href":"https:\/\/api.w.org\/{rel}","templated":true}]}}