{"id":9430,"date":"2026-04-29T22:44:23","date_gmt":"2026-04-29T22:44:23","guid":{"rendered":"https:\/\/towerbooks.co\/?post_type=product&#038;p=9430"},"modified":"2026-04-29T22:44:23","modified_gmt":"2026-04-29T22:44:23","slug":"antologia-de-oscar-wilde","status":"publish","type":"product","link":"https:\/\/towerbooks.co\/?product=antologia-de-oscar-wilde","title":{"rendered":"Antolog\u00eda de Oscar Wilde"},"content":{"rendered":"<p><span style=\"font-weight: 400;\">Uno de los grandes escritores de la literatura universal nos acompa\u00f1a con algunos de sus escritos llenos de buenas ense\u00f1anzas.<\/span><\/p>\n<p><span style=\"font-weight: 400;\">\u201cEl ruise\u00f1or y la rosa\u201d. Una rosa roja entreteje la historia de una valiente ave y un enamorado, dejando el mejor de los mensajes.<br \/>\n<\/span><span style=\"font-weight: 400;\">\u201cEl fantasma de Canterville\u201d. El castillo de Canterville tiene desde hace mucho tiempo un habitante que se divierte con sus hu\u00e9spedes y pasan cosas inexplicables.<br \/>\n<\/span><span style=\"font-weight: 400;\">\u201cEl pr\u00edncipe feliz\u201d. En esta historia el due\u00f1o de un gran reino nos va a narrar su secreto.<br \/>\n<\/span><span style=\"font-weight: 400;\">\u201cEl gigante ego\u00edsta\u201d. Vale la pena entregar un poco m\u00e1s, el invierno pronto llegar\u00e1 y luego, las dem\u00e1s estaciones, se disfrutan mejor en compa\u00f1\u00eda.<br \/>\n<\/span><span style=\"font-weight: 400;\">\u201cPoemas en prosa\u201d. Si lo que quieres es conocer esa parte rom\u00e1ntica y la esencia del autor, la mejor v\u00eda es con sus poemas.<br \/>\n<\/span><span style=\"font-weight: 400;\">\u201cLa esfinge sin secreto\u201d. Todo el mundo se esconde en un secreto, la esfinge siempre ha estado al alcance.<\/span><\/p>\n","protected":false},"excerpt":{"rendered":"<p>Incluye: Cartilla de actividades &#8211; Conc\u00e9ntrate &#8211; Stickers<br \/>\nEncuadernaci\u00f3n rustica<br \/>\nFormato: 20 cm x 13 cm<\/p>\n<p>Fuera de Serie<\/p>\n<p>12 &#8211; 17 A\u00f1os<\/p>\n","protected":false},"featured_media":9431,"comment_status":"open","ping_status":"closed","template":"","meta":{"_themeisle_gutenberg_block_has_review":false},"product_cat":[29,31,33,37,38,39,44,51],"product_tag":[35],"class_list":{"0":"post-9430","1":"product","2":"type-product","3":"status-publish","4":"has-post-thumbnail","6":"product_cat-activity-books","7":"product_cat-anthologies","8":"product_cat-arts-literature","9":"product_cat-classics","10":"product_cat-contemporary","11":"product_cat-cultural","12":"product_cat-european","13":"product_cat-historical","14":"product_tag-books","15":"pa_book-author-leonel-a-leal","17":"first","18":"instock","19":"shipping-taxable","20":"purchasable","21":"product-type-simple"},"_links":{"self":[{"href":"https:\/\/towerbooks.co\/index.php?rest_route=\/wp\/v2\/product\/9430","targetHints":{"allow":["GET"]}}],"collection":[{"href":"https:\/\/towerbooks.co\/index.php?rest_route=\/wp\/v2\/product"}],"about":[{"href":"https:\/\/towerbooks.co\/index.php?rest_route=\/wp\/v2\/types\/product"}],"replies":[{"embeddable":true,"href":"https:\/\/towerbooks.co\/index.php?rest_route=%2Fwp%2Fv2%2Fcomments&post=9430"}],"wp:featuredmedia":[{"embeddable":true,"href":"https:\/\/towerbooks.co\/index.php?rest_route=\/wp\/v2\/media\/9431"}],"wp:attachment":[{"href":"https:\/\/towerbooks.co\/index.php?rest_route=%2Fwp%2Fv2%2Fmedia&parent=9430"}],"wp:term":[{"taxonomy":"product_cat","embeddable":true,"href":"https:\/\/towerbooks.co\/index.php?rest_route=%2Fwp%2Fv2%2Fproduct_cat&post=9430"},{"taxonomy":"product_tag","embeddable":true,"href":"https:\/\/towerbooks.co\/index.php?rest_route=%2Fwp%2Fv2%2Fproduct_tag&post=9430"}],"curies":[{"name":"wp","href":"https:\/\/api.w.org\/{rel}","templated":true}]}}