{"id":9424,"date":"2026-04-29T22:09:44","date_gmt":"2026-04-29T22:09:44","guid":{"rendered":"https:\/\/towerbooks.co\/?post_type=product&#038;p=9424"},"modified":"2026-04-29T22:09:44","modified_gmt":"2026-04-29T22:09:44","slug":"y-que-tiene-la-momia","status":"publish","type":"product","link":"https:\/\/towerbooks.co\/?product=y-que-tiene-la-momia","title":{"rendered":"\u00bfY Qu\u00e9 Tiene La Momia?"},"content":{"rendered":"<p><span style=\"font-weight: 400;\">Emily, la madre de George, trabaja como restauradora de arte y es asignada para realizar un trabajo en el museo egipcio de El Cairo. A su vez Ben, su esposo y padre de George colabora con la creaci\u00f3n de un sistema de rastreo para monitorear las piezas del museo, por lo que los tres viajan a Egipto. All\u00ed conocen a Valeria, una amable pero sospechosa due\u00f1a de una galer\u00eda que le regala una peque\u00f1a estatuilla a George como bienvenida. En el museo George conoce a Isis, su nueva amiga egipcia y gu\u00eda personal, que lo sumerge en el mitol\u00f3gico mundo de faraones y jerogl\u00edficos y quien a su vez tiene una estatuilla similar a la suya. Lo que George no sab\u00eda era que muy pronto iba a tener un encuentro cercano con los misterios y poderes de los antiguos dioses y que desenmascarar\u00eda las macabras intenciones detr\u00e1s de este enigm\u00e1tico viaje.<\/span><\/p>\n<p><span style=\"font-weight: 400;\">Sharon M. King, es escritora y docente especializada en educaci\u00f3n en inteligencia emocional, preparaci\u00f3n que le ha permitido comprender el maravilloso mundo de los ni\u00f1os para unirlo con la magia de las letras, pretendiendo despertar la imaginaci\u00f3n y la fantas\u00eda en cada uno de sus lectores.<\/span><\/p>\n","protected":false},"excerpt":{"rendered":"<p>Incluye: Cartilla de actividades &#8211; Conc\u00e9ntrate &#8211; Stickers<br \/>\nEncuadernaci\u00f3n rustica<br \/>\nFormato: 20 cm x 13 cm &#8211; P\u00e1gs: 130<\/p>\n<p>Andr\u00f3meda, Serie Verde<br \/>\nColecci\u00f3n Misterio<\/p>\n<p>12 &#8211; 17 A\u00f1os<\/p>\n","protected":false},"featured_media":9425,"comment_status":"open","ping_status":"closed","template":"","meta":{"_themeisle_gutenberg_block_has_review":false},"product_cat":[28,29,33,39,47,51],"product_tag":[35,45],"class_list":{"0":"post-9424","1":"product","2":"type-product","3":"status-publish","4":"has-post-thumbnail","6":"product_cat-action-adventure","7":"product_cat-activity-books","8":"product_cat-arts-literature","9":"product_cat-cultural","10":"product_cat-genre-fiction","11":"product_cat-historical","12":"product_tag-books","13":"product_tag-fiction","14":"pa_book-author-sharon-m-king","16":"first","17":"instock","18":"shipping-taxable","19":"purchasable","20":"product-type-simple"},"_links":{"self":[{"href":"https:\/\/towerbooks.co\/index.php?rest_route=\/wp\/v2\/product\/9424","targetHints":{"allow":["GET"]}}],"collection":[{"href":"https:\/\/towerbooks.co\/index.php?rest_route=\/wp\/v2\/product"}],"about":[{"href":"https:\/\/towerbooks.co\/index.php?rest_route=\/wp\/v2\/types\/product"}],"replies":[{"embeddable":true,"href":"https:\/\/towerbooks.co\/index.php?rest_route=%2Fwp%2Fv2%2Fcomments&post=9424"}],"wp:featuredmedia":[{"embeddable":true,"href":"https:\/\/towerbooks.co\/index.php?rest_route=\/wp\/v2\/media\/9425"}],"wp:attachment":[{"href":"https:\/\/towerbooks.co\/index.php?rest_route=%2Fwp%2Fv2%2Fmedia&parent=9424"}],"wp:term":[{"taxonomy":"product_cat","embeddable":true,"href":"https:\/\/towerbooks.co\/index.php?rest_route=%2Fwp%2Fv2%2Fproduct_cat&post=9424"},{"taxonomy":"product_tag","embeddable":true,"href":"https:\/\/towerbooks.co\/index.php?rest_route=%2Fwp%2Fv2%2Fproduct_tag&post=9424"}],"curies":[{"name":"wp","href":"https:\/\/api.w.org\/{rel}","templated":true}]}}