{"id":9410,"date":"2026-04-29T20:59:26","date_gmt":"2026-04-29T20:59:26","guid":{"rendered":"https:\/\/towerbooks.co\/?post_type=product&#038;p=9410"},"modified":"2026-04-29T20:59:26","modified_gmt":"2026-04-29T20:59:26","slug":"el-cumpleanos-de-pitagoras","status":"publish","type":"product","link":"https:\/\/towerbooks.co\/?product=el-cumpleanos-de-pitagoras","title":{"rendered":"El Cumplea\u00f1os de Pit\u00e1goras"},"content":{"rendered":"<p><span style=\"font-weight: 400;\">\u00bfC\u00f3mo un peque\u00f1o griego de tan solo siete a\u00f1os de edad puede fascinarnos con el m\u00e1gico mundo de las matem\u00e1ticas y la geometr\u00eda? Esto solo se logra gracias a las fant\u00e1sticas ideas del gran Pit\u00e1goras expuestas de forma f\u00e1cil y divertida para la comprensi\u00f3n de nuestros lectores. Acompa\u00f1ar a Pit\u00e1goras en su cumplea\u00f1os es toda una aventura plena de sorpresas y descubrimientos que har\u00e1n m\u00e1s comprensibles las propuestas de un \u201cPeque\u00f1o Genio\u201d matem\u00e1tico para deleite de grandes y chicos.<\/span><\/p>\n<p><span style=\"font-weight: 400;\">Esta obra est\u00e1 basada en personajes y sucesos reales. Busca mostrar a grandes personajes de la historia, sus aportes a la humanidad de forma simple y divertida. Dirigida a la poblaci\u00f3n infantil, sin ajustarse exactamente a la cronolog\u00eda precisa de su aparici\u00f3n. Los di\u00e1logos y algunas de las situaciones, hacen parte de la imaginaci\u00f3n y creatividad de la autora.<\/span><\/p>\n","protected":false},"excerpt":{"rendered":"<p>Incluye: Cartilla de actividades &#8211; Conc\u00e9ntrate &#8211; Stickers<br \/>\nEncuadernaci\u00f3n rustica<br \/>\nFormato: 20 cm x 17 cm &#8211; P\u00e1gs: 30<\/p>\n<p>Andr\u00f3meda, Serie Azul<br \/>\nColecci\u00f3n Peque\u00f1os Genios<\/p>\n<p>8 &#8211; 12 A\u00f1os<\/p>\n","protected":false},"featured_media":9411,"comment_status":"open","ping_status":"closed","template":"","meta":{"_themeisle_gutenberg_block_has_review":false},"product_cat":[29,31,33,37,39,44,47,51],"product_tag":[35],"class_list":{"0":"post-9410","1":"product","2":"type-product","3":"status-publish","4":"has-post-thumbnail","6":"product_cat-activity-books","7":"product_cat-anthologies","8":"product_cat-arts-literature","9":"product_cat-classics","10":"product_cat-cultural","11":"product_cat-european","12":"product_cat-genre-fiction","13":"product_cat-historical","14":"product_tag-books","15":"pa_book-author-diana-c-reyes","17":"first","18":"instock","19":"shipping-taxable","20":"purchasable","21":"product-type-simple"},"_links":{"self":[{"href":"https:\/\/towerbooks.co\/index.php?rest_route=\/wp\/v2\/product\/9410","targetHints":{"allow":["GET"]}}],"collection":[{"href":"https:\/\/towerbooks.co\/index.php?rest_route=\/wp\/v2\/product"}],"about":[{"href":"https:\/\/towerbooks.co\/index.php?rest_route=\/wp\/v2\/types\/product"}],"replies":[{"embeddable":true,"href":"https:\/\/towerbooks.co\/index.php?rest_route=%2Fwp%2Fv2%2Fcomments&post=9410"}],"wp:featuredmedia":[{"embeddable":true,"href":"https:\/\/towerbooks.co\/index.php?rest_route=\/wp\/v2\/media\/9411"}],"wp:attachment":[{"href":"https:\/\/towerbooks.co\/index.php?rest_route=%2Fwp%2Fv2%2Fmedia&parent=9410"}],"wp:term":[{"taxonomy":"product_cat","embeddable":true,"href":"https:\/\/towerbooks.co\/index.php?rest_route=%2Fwp%2Fv2%2Fproduct_cat&post=9410"},{"taxonomy":"product_tag","embeddable":true,"href":"https:\/\/towerbooks.co\/index.php?rest_route=%2Fwp%2Fv2%2Fproduct_tag&post=9410"}],"curies":[{"name":"wp","href":"https:\/\/api.w.org\/{rel}","templated":true}]}}