{"id":9408,"date":"2026-04-29T20:51:29","date_gmt":"2026-04-29T20:51:29","guid":{"rendered":"https:\/\/towerbooks.co\/?post_type=product&#038;p=9408"},"modified":"2026-04-29T20:51:29","modified_gmt":"2026-04-29T20:51:29","slug":"clase-del-senor-lobinsky","status":"publish","type":"product","link":"https:\/\/towerbooks.co\/?product=clase-del-senor-lobinsky","title":{"rendered":"Clase del Se\u00f1or Lobinsky"},"content":{"rendered":"<p>\u00a1El director Buuu da la bienvenida al colegio Farland a su clase SXII! Jack Pumpkin, Draki y sus amigos hacen parte de la selecta clase del se\u00f1or Lobinsky, donde vivir\u00e1n l\u00fagubres aventuras y nos demostraran como su amistad se fortalece con cada una de la peculiaridades de estos peque\u00f1os monstruitos.<\/p>\n","protected":false},"excerpt":{"rendered":"<p>Incluye: Cartilla de actividades &#8211; Conc\u00e9ntrate &#8211; Stickers<br \/>\nEncuadernaci\u00f3n rustica<br \/>\nFormato: 20 cm x 17 cm &#8211; P\u00e1gs: 62<\/p>\n<p>Andr\u00f3meda, Serie Azul<br \/>\nColecci\u00f3n Peque\u00f1os Genios<\/p>\n<p>8 &#8211; 12 A\u00f1os<\/p>\n","protected":false},"featured_media":9409,"comment_status":"open","ping_status":"closed","template":"","meta":{"_themeisle_gutenberg_block_has_review":false},"product_cat":[28,29,30,33,38,39,47],"product_tag":[35,45],"class_list":{"0":"post-9408","1":"product","2":"type-product","3":"status-publish","4":"has-post-thumbnail","6":"product_cat-action-adventure","7":"product_cat-activity-books","8":"product_cat-animals","9":"product_cat-arts-literature","10":"product_cat-contemporary","11":"product_cat-cultural","12":"product_cat-genre-fiction","13":"product_tag-books","14":"product_tag-fiction","15":"pa_book-author-sharon-m-king","17":"first","18":"instock","19":"shipping-taxable","20":"purchasable","21":"product-type-simple"},"_links":{"self":[{"href":"https:\/\/towerbooks.co\/index.php?rest_route=\/wp\/v2\/product\/9408","targetHints":{"allow":["GET"]}}],"collection":[{"href":"https:\/\/towerbooks.co\/index.php?rest_route=\/wp\/v2\/product"}],"about":[{"href":"https:\/\/towerbooks.co\/index.php?rest_route=\/wp\/v2\/types\/product"}],"replies":[{"embeddable":true,"href":"https:\/\/towerbooks.co\/index.php?rest_route=%2Fwp%2Fv2%2Fcomments&post=9408"}],"wp:featuredmedia":[{"embeddable":true,"href":"https:\/\/towerbooks.co\/index.php?rest_route=\/wp\/v2\/media\/9409"}],"wp:attachment":[{"href":"https:\/\/towerbooks.co\/index.php?rest_route=%2Fwp%2Fv2%2Fmedia&parent=9408"}],"wp:term":[{"taxonomy":"product_cat","embeddable":true,"href":"https:\/\/towerbooks.co\/index.php?rest_route=%2Fwp%2Fv2%2Fproduct_cat&post=9408"},{"taxonomy":"product_tag","embeddable":true,"href":"https:\/\/towerbooks.co\/index.php?rest_route=%2Fwp%2Fv2%2Fproduct_tag&post=9408"}],"curies":[{"name":"wp","href":"https:\/\/api.w.org\/{rel}","templated":true}]}}