{"id":85,"date":"2022-02-11T02:05:07","date_gmt":"2022-02-11T02:05:07","guid":{"rendered":"https:\/\/source.wpopal.com\/bookory\/product\/mediocre-aluminum-coat\/"},"modified":"2026-04-25T00:19:59","modified_gmt":"2026-04-25T00:19:59","slug":"the-dirty-and-the-dead","status":"publish","type":"product","link":"https:\/\/towerbooks.co\/?product=the-dirty-and-the-dead","title":{"rendered":"Lucrecia y la Solidaridad"},"content":{"rendered":"<p>Lucrecia, como muchas ni\u00f1as de su edad asiste con gran alegr\u00eda y motivaci\u00f3n a su primer d\u00eda de escuela; pero su entusiasmo se ve opacado por las burlas de sus compa\u00f1eros, quienes la rechazaron por ser gorda. Sin embargo, gracias a la comprensi\u00f3n, amor y apoyo de sus padres logra sobreponerse con gran fortaleza sin renunciar a sus sue\u00f1os.<\/p>\n<p>Adem\u00e1s esta obra te lleva a un fascinante recorrido por la vida y obra de algunos de los personajes mas famosos de la historia.<\/p>\n","protected":false},"excerpt":{"rendered":"<p>Incluye: Cartilla de actividades<br \/>\nEncuadernaci\u00f3n Rustica<\/p>\n<p>Andr\u00f3meda, Serie Roja<\/p>\n","protected":false},"featured_media":9374,"comment_status":"open","ping_status":"closed","template":"","meta":{"_themeisle_gutenberg_block_has_review":false},"product_cat":[29,33,38,39,47,51],"product_tag":[35,45],"class_list":{"0":"post-85","1":"product","2":"type-product","3":"status-publish","4":"has-post-thumbnail","6":"product_cat-activity-books","7":"product_cat-arts-literature","8":"product_cat-contemporary","9":"product_cat-cultural","10":"product_cat-genre-fiction","11":"product_cat-historical","12":"product_tag-books","13":"product_tag-fiction","14":"pa_book-author-hna-gloria-rubio","16":"first","17":"instock","18":"virtual","19":"sold-individually","20":"purchasable","21":"product-type-simple"},"_links":{"self":[{"href":"https:\/\/towerbooks.co\/index.php?rest_route=\/wp\/v2\/product\/85","targetHints":{"allow":["GET"]}}],"collection":[{"href":"https:\/\/towerbooks.co\/index.php?rest_route=\/wp\/v2\/product"}],"about":[{"href":"https:\/\/towerbooks.co\/index.php?rest_route=\/wp\/v2\/types\/product"}],"replies":[{"embeddable":true,"href":"https:\/\/towerbooks.co\/index.php?rest_route=%2Fwp%2Fv2%2Fcomments&post=85"}],"wp:featuredmedia":[{"embeddable":true,"href":"https:\/\/towerbooks.co\/index.php?rest_route=\/wp\/v2\/media\/9374"}],"wp:attachment":[{"href":"https:\/\/towerbooks.co\/index.php?rest_route=%2Fwp%2Fv2%2Fmedia&parent=85"}],"wp:term":[{"taxonomy":"product_cat","embeddable":true,"href":"https:\/\/towerbooks.co\/index.php?rest_route=%2Fwp%2Fv2%2Fproduct_cat&post=85"},{"taxonomy":"product_tag","embeddable":true,"href":"https:\/\/towerbooks.co\/index.php?rest_route=%2Fwp%2Fv2%2Fproduct_tag&post=85"}],"curies":[{"name":"wp","href":"https:\/\/api.w.org\/{rel}","templated":true}]}}