{"id":79,"date":"2022-02-11T02:05:06","date_gmt":"2022-02-11T02:05:06","guid":{"rendered":"https:\/\/source.wpopal.com\/bookory\/product\/durable-granite-knife\/"},"modified":"2026-04-29T22:00:10","modified_gmt":"2026-04-29T22:00:10","slug":"blood-on-the-snow","status":"publish","type":"product","link":"https:\/\/towerbooks.co\/?product=blood-on-the-snow","title":{"rendered":"Nuestra Historia Contada en Rimas, Coplas y Poes\u00eda"},"content":{"rendered":"<p><span style=\"font-weight: 400;\">\u201c\u00bfY c\u00f3mo empez\u00f3 la historia?<\/span><span style=\"font-weight: 400;\"><br \/>\n<\/span><span style=\"font-weight: 400;\">Yo se los voy a contar,<\/span><span style=\"font-weight: 400;\"><br \/>\n<\/span><span style=\"font-weight: 400;\">desde Europa unos marinos<\/span><span style=\"font-weight: 400;\"><br \/>\n<\/span><span style=\"font-weight: 400;\">Salieron a navegar..\u2019.\u2019<\/span><\/p>\n<p><span style=\"font-weight: 400;\">En medio de rimas, coplas y poes\u00eda puedes conocer nuestros antecedentes hist\u00f3ricos. Tres episodios representativos: La llegada de Crist\u00f3bal Col\u00f3n, el 20 de Julio de 1.810 y la Campa\u00f1a Libertadora de Sim\u00f3n Bol\u00edvar, pueden volverse divertidos s\u00ed se cuenta de esta forma.<\/span><\/p>\n<p><span style=\"font-weight: 400;\">Te invitamos a participar de este maravilloso recorrido hist\u00f3rico de Colombia donde encontrar\u00e1s situaciones reales explicadas con gran imaginaci\u00f3n y conjugaci\u00f3n de nuestra lengua. Diana Constanza Reyes, docente especializada en Educaci\u00f3n y Psicopedagog\u00eda Infantil, formadora de ni\u00f1os, j\u00f3venes y maestros, con gran sensibilidad por el mundo m\u00e1gico infantil. En su ni\u00f1ez su mayor pasi\u00f3n era disfrutar horas y horas de lectura de cuentos con personajes maravillosos que despertaron su gusto por la literatura permitiendo que ahora escriba relatos plenos de situaciones fant\u00e1sticas para deleite y ense\u00f1anza de chicos y grandes.<\/span><\/p>\n","protected":false},"excerpt":{"rendered":"<p>Incluye: Cartilla de actividades &#8211; Conc\u00e9ntrate &#8211; Stickers<br \/>\nEncuadernaci\u00f3n rustica<br \/>\nFormato: 20 cm x 13 cm &#8211; P\u00e1gs: 42<\/p>\n<p>Andr\u00f3meda, Serie Verde<br \/>\nColecci\u00f3n Colombia<\/p>\n<p>12 &#8211; 17 A\u00f1os<\/p>\n","protected":false},"featured_media":9423,"comment_status":"open","ping_status":"closed","template":"","meta":{"_themeisle_gutenberg_block_has_review":false},"product_cat":[28,29,31,33,37,39,51],"product_tag":[35,45],"class_list":{"0":"post-79","1":"product","2":"type-product","3":"status-publish","4":"has-post-thumbnail","6":"product_cat-action-adventure","7":"product_cat-activity-books","8":"product_cat-anthologies","9":"product_cat-arts-literature","10":"product_cat-classics","11":"product_cat-cultural","12":"product_cat-historical","13":"product_tag-books","14":"product_tag-fiction","15":"pa_book-author-diana-c-reyes","17":"first","18":"instock","19":"shipping-taxable","20":"purchasable","21":"product-type-simple"},"_links":{"self":[{"href":"https:\/\/towerbooks.co\/index.php?rest_route=\/wp\/v2\/product\/79","targetHints":{"allow":["GET"]}}],"collection":[{"href":"https:\/\/towerbooks.co\/index.php?rest_route=\/wp\/v2\/product"}],"about":[{"href":"https:\/\/towerbooks.co\/index.php?rest_route=\/wp\/v2\/types\/product"}],"replies":[{"embeddable":true,"href":"https:\/\/towerbooks.co\/index.php?rest_route=%2Fwp%2Fv2%2Fcomments&post=79"}],"wp:featuredmedia":[{"embeddable":true,"href":"https:\/\/towerbooks.co\/index.php?rest_route=\/wp\/v2\/media\/9423"}],"wp:attachment":[{"href":"https:\/\/towerbooks.co\/index.php?rest_route=%2Fwp%2Fv2%2Fmedia&parent=79"}],"wp:term":[{"taxonomy":"product_cat","embeddable":true,"href":"https:\/\/towerbooks.co\/index.php?rest_route=%2Fwp%2Fv2%2Fproduct_cat&post=79"},{"taxonomy":"product_tag","embeddable":true,"href":"https:\/\/towerbooks.co\/index.php?rest_route=%2Fwp%2Fv2%2Fproduct_tag&post=79"}],"curies":[{"name":"wp","href":"https:\/\/api.w.org\/{rel}","templated":true}]}}