{"id":77,"date":"2022-02-11T02:05:06","date_gmt":"2022-02-11T02:05:06","guid":{"rendered":"https:\/\/source.wpopal.com\/bookory\/product\/ergonomic-concrete-watch\/"},"modified":"2026-04-25T00:29:19","modified_gmt":"2026-04-25T00:29:19","slug":"the-book-of-five-rings","status":"publish","type":"product","link":"https:\/\/towerbooks.co\/?product=the-book-of-five-rings","title":{"rendered":"Sebasti\u00e1n y la Semilla Perezosa"},"content":{"rendered":"<p>Sebasti\u00e1n, un ni\u00f1o amante de la naturaleza, le encanta sembrar semillas, cuidarlas y verlas crecer. En cierta ocasi\u00f3n se encuentra con una semilla perezosa que se resiste a crecer, pero con paciencia, constancia, dedicaci\u00f3n y esfuerzo logra convencerla de su error hasta convertirse en el \u00e1rbol mas hermoso de su jard\u00edn.<\/p>\n<p>Este maravilloso libro es un verdadero ejemplo de constancia y amor por la naturaleza.<\/p>\n","protected":false},"excerpt":{"rendered":"<p>Incluye: Cartilla de actividades<br \/>\nEncuadernaci\u00f3n rustica<\/p>\n<p>Andr\u00f3meda, Serie Roja<\/p>\n","protected":false},"featured_media":9376,"comment_status":"open","ping_status":"closed","template":"","meta":{"_themeisle_gutenberg_block_has_review":false},"product_cat":[28,29,30,33,38,39,47],"product_tag":[35,45],"class_list":{"0":"post-77","1":"product","2":"type-product","3":"status-publish","4":"has-post-thumbnail","6":"product_cat-action-adventure","7":"product_cat-activity-books","8":"product_cat-animals","9":"product_cat-arts-literature","10":"product_cat-contemporary","11":"product_cat-cultural","12":"product_cat-genre-fiction","13":"product_tag-books","14":"product_tag-fiction","15":"pa_book-author-hna-gloria-rubio","17":"first","18":"instock","19":"virtual","20":"purchasable","21":"product-type-simple"},"_links":{"self":[{"href":"https:\/\/towerbooks.co\/index.php?rest_route=\/wp\/v2\/product\/77","targetHints":{"allow":["GET"]}}],"collection":[{"href":"https:\/\/towerbooks.co\/index.php?rest_route=\/wp\/v2\/product"}],"about":[{"href":"https:\/\/towerbooks.co\/index.php?rest_route=\/wp\/v2\/types\/product"}],"replies":[{"embeddable":true,"href":"https:\/\/towerbooks.co\/index.php?rest_route=%2Fwp%2Fv2%2Fcomments&post=77"}],"wp:featuredmedia":[{"embeddable":true,"href":"https:\/\/towerbooks.co\/index.php?rest_route=\/wp\/v2\/media\/9376"}],"wp:attachment":[{"href":"https:\/\/towerbooks.co\/index.php?rest_route=%2Fwp%2Fv2%2Fmedia&parent=77"}],"wp:term":[{"taxonomy":"product_cat","embeddable":true,"href":"https:\/\/towerbooks.co\/index.php?rest_route=%2Fwp%2Fv2%2Fproduct_cat&post=77"},{"taxonomy":"product_tag","embeddable":true,"href":"https:\/\/towerbooks.co\/index.php?rest_route=%2Fwp%2Fv2%2Fproduct_tag&post=77"}],"curies":[{"name":"wp","href":"https:\/\/api.w.org\/{rel}","templated":true}]}}