{"id":69,"date":"2022-02-11T02:05:05","date_gmt":"2022-02-11T02:05:05","guid":{"rendered":"https:\/\/source.wpopal.com\/bookory\/product\/intelligent-silk-lamp\/"},"modified":"2026-04-28T22:43:10","modified_gmt":"2026-04-28T22:43:10","slug":"the-silent-sisters-3","status":"publish","type":"product","link":"https:\/\/towerbooks.co\/?product=the-silent-sisters-3","title":{"rendered":"Sue\u00f1o M\u00e1gico"},"content":{"rendered":"<p>Es una maravillosa historia donde se mezclan m\u00e1gicamente la realidad con la fantas\u00eda, a partir de un sue\u00f1o experimentado por Jack, donde conoce los mas ex\u00f3ticos lugares del mundo y aves de diferentes especies que le ofrecen una verdadera lecci\u00f3n de vida.<\/p>\n<p>Esta obra es una verdadera exaltaci\u00f3n a los valores de familia, la protecci\u00f3n del medio ambiente y geograf\u00eda del mundo.<\/p>\n","protected":false},"excerpt":{"rendered":"<p>Incluye: Cartilla de actividades<br \/>\nEncuadernaci\u00f3n rustica<br \/>\nFormato: 20 cm x 13 cm &#8211; P\u00e1gs: 22<\/p>\n<p>Andr\u00f3meda, Serie Azul<\/p>\n<p>8 &#8211; 12 A\u00f1os<\/p>\n","protected":false},"featured_media":9392,"comment_status":"open","ping_status":"closed","template":"","meta":{"_themeisle_gutenberg_block_has_review":false},"product_cat":[28,29,30,33,38,39,47],"product_tag":[35,45],"class_list":{"0":"post-69","1":"product","2":"type-product","3":"status-publish","4":"has-post-thumbnail","6":"product_cat-action-adventure","7":"product_cat-activity-books","8":"product_cat-animals","9":"product_cat-arts-literature","10":"product_cat-contemporary","11":"product_cat-cultural","12":"product_cat-genre-fiction","13":"product_tag-books","14":"product_tag-fiction","15":"pa_book-author-sthephanie-r-clark","17":"first","18":"instock","19":"shipping-taxable","20":"purchasable","21":"product-type-simple"},"_links":{"self":[{"href":"https:\/\/towerbooks.co\/index.php?rest_route=\/wp\/v2\/product\/69","targetHints":{"allow":["GET"]}}],"collection":[{"href":"https:\/\/towerbooks.co\/index.php?rest_route=\/wp\/v2\/product"}],"about":[{"href":"https:\/\/towerbooks.co\/index.php?rest_route=\/wp\/v2\/types\/product"}],"replies":[{"embeddable":true,"href":"https:\/\/towerbooks.co\/index.php?rest_route=%2Fwp%2Fv2%2Fcomments&post=69"}],"wp:featuredmedia":[{"embeddable":true,"href":"https:\/\/towerbooks.co\/index.php?rest_route=\/wp\/v2\/media\/9392"}],"wp:attachment":[{"href":"https:\/\/towerbooks.co\/index.php?rest_route=%2Fwp%2Fv2%2Fmedia&parent=69"}],"wp:term":[{"taxonomy":"product_cat","embeddable":true,"href":"https:\/\/towerbooks.co\/index.php?rest_route=%2Fwp%2Fv2%2Fproduct_cat&post=69"},{"taxonomy":"product_tag","embeddable":true,"href":"https:\/\/towerbooks.co\/index.php?rest_route=%2Fwp%2Fv2%2Fproduct_tag&post=69"}],"curies":[{"name":"wp","href":"https:\/\/api.w.org\/{rel}","templated":true}]}}