{"id":55,"date":"2022-02-11T02:05:02","date_gmt":"2022-02-11T02:05:02","guid":{"rendered":"https:\/\/source.wpopal.com\/bookory\/product\/intelligent-bronze-bag\/"},"modified":"2026-04-25T01:45:32","modified_gmt":"2026-04-25T01:45:32","slug":"the-demonslayer","status":"publish","type":"product","link":"https:\/\/towerbooks.co\/?product=the-demonslayer","title":{"rendered":"Elio y la Lluvia que se Perdi\u00f3"},"content":{"rendered":"<p>Elio es un adolescente que le gusta divertirse creando fantas\u00edas y jugando cuando la lluvia cae al techo de su casa. Pero cierto d\u00eda la lluvia no regresa mas y decide emprender un viaje con personajes fant\u00e1sticos para hacer que las nubes lloren y vuelva la lluvia.<\/p>\n","protected":false},"excerpt":{"rendered":"<p>Incluye: Cartilla de actividades &#8211; Conc\u00e9ntrate &#8211; Stickers<br \/>\nEncuadernaci\u00f3n rustica<\/p>\n<p>Andr\u00f3meda, Serie Azul<br \/>\nColecci\u00f3n Valores<\/p>\n","protected":false},"featured_media":9382,"comment_status":"open","ping_status":"closed","template":"","meta":{"_themeisle_gutenberg_block_has_review":false},"product_cat":[28,29,33,38,47],"product_tag":[35,45],"class_list":{"0":"post-55","1":"product","2":"type-product","3":"status-publish","4":"has-post-thumbnail","6":"product_cat-action-adventure","7":"product_cat-activity-books","8":"product_cat-arts-literature","9":"product_cat-contemporary","10":"product_cat-genre-fiction","11":"product_tag-books","12":"product_tag-fiction","13":"pa_book-author-helanya-liore-gaudel-ferreira-gim","15":"first","16":"instock","17":"shipping-taxable","18":"purchasable","19":"product-type-simple"},"_links":{"self":[{"href":"https:\/\/towerbooks.co\/index.php?rest_route=\/wp\/v2\/product\/55","targetHints":{"allow":["GET"]}}],"collection":[{"href":"https:\/\/towerbooks.co\/index.php?rest_route=\/wp\/v2\/product"}],"about":[{"href":"https:\/\/towerbooks.co\/index.php?rest_route=\/wp\/v2\/types\/product"}],"replies":[{"embeddable":true,"href":"https:\/\/towerbooks.co\/index.php?rest_route=%2Fwp%2Fv2%2Fcomments&post=55"}],"wp:featuredmedia":[{"embeddable":true,"href":"https:\/\/towerbooks.co\/index.php?rest_route=\/wp\/v2\/media\/9382"}],"wp:attachment":[{"href":"https:\/\/towerbooks.co\/index.php?rest_route=%2Fwp%2Fv2%2Fmedia&parent=55"}],"wp:term":[{"taxonomy":"product_cat","embeddable":true,"href":"https:\/\/towerbooks.co\/index.php?rest_route=%2Fwp%2Fv2%2Fproduct_cat&post=55"},{"taxonomy":"product_tag","embeddable":true,"href":"https:\/\/towerbooks.co\/index.php?rest_route=%2Fwp%2Fv2%2Fproduct_tag&post=55"}],"curies":[{"name":"wp","href":"https:\/\/api.w.org\/{rel}","templated":true}]}}