{"id":53,"date":"2022-02-11T02:05:01","date_gmt":"2022-02-11T02:05:01","guid":{"rendered":"https:\/\/source.wpopal.com\/bookory\/product\/sleek-granite-pants\/"},"modified":"2026-04-28T23:16:34","modified_gmt":"2026-04-28T23:16:34","slug":"all-the-colors-of-life","status":"publish","type":"product","link":"https:\/\/towerbooks.co\/?product=all-the-colors-of-life","title":{"rendered":"Al Final del Arco\u00edris"},"content":{"rendered":"<p>\u00bfQui\u00e9n no ha so\u00f1ado con descubrir alg\u00fan d\u00eda lo que hay al final del arco\u00edris? Si quieres saberlo, sum\u00e9rgete con Martin en este fascinante viaje lleno de aventuras, misterios, sorpresas en el que conocer\u00e1s lugares m\u00e1gicos, flores, animales que hablan, acertijos por resolver y muchas sorpresas mas.<\/p>\n<p>Esta obra m\u00e1gica nos permite que en la fortaleza interior de cada ser humano esta plasmada la grandeza de la naturaleza.<\/p>\n<p>&nbsp;<\/p>\n","protected":false},"excerpt":{"rendered":"<p>Incluye: Cartilla de actividades<br \/>\nEncuadernaci\u00f3n rustica<br \/>\nFormato: 20 cm x 13 cm &#8211; P\u00e1gs: 64<\/p>\n<p>Andr\u00f3meda, Serie Azul<\/p>\n<p>8 -12 A\u00f1os<\/p>\n","protected":false},"featured_media":9396,"comment_status":"open","ping_status":"closed","template":"","meta":{"_themeisle_gutenberg_block_has_review":false},"product_cat":[28,29,30,33,38,47],"product_tag":[35,45],"class_list":{"0":"post-53","1":"product","2":"type-product","3":"status-publish","4":"has-post-thumbnail","6":"product_cat-action-adventure","7":"product_cat-activity-books","8":"product_cat-animals","9":"product_cat-arts-literature","10":"product_cat-contemporary","11":"product_cat-genre-fiction","12":"product_tag-books","13":"product_tag-fiction","14":"pa_book-author-yais-alewing","16":"first","17":"instock","18":"featured","19":"virtual","20":"sold-individually","21":"purchasable","22":"product-type-simple"},"_links":{"self":[{"href":"https:\/\/towerbooks.co\/index.php?rest_route=\/wp\/v2\/product\/53","targetHints":{"allow":["GET"]}}],"collection":[{"href":"https:\/\/towerbooks.co\/index.php?rest_route=\/wp\/v2\/product"}],"about":[{"href":"https:\/\/towerbooks.co\/index.php?rest_route=\/wp\/v2\/types\/product"}],"replies":[{"embeddable":true,"href":"https:\/\/towerbooks.co\/index.php?rest_route=%2Fwp%2Fv2%2Fcomments&post=53"}],"wp:featuredmedia":[{"embeddable":true,"href":"https:\/\/towerbooks.co\/index.php?rest_route=\/wp\/v2\/media\/9396"}],"wp:attachment":[{"href":"https:\/\/towerbooks.co\/index.php?rest_route=%2Fwp%2Fv2%2Fmedia&parent=53"}],"wp:term":[{"taxonomy":"product_cat","embeddable":true,"href":"https:\/\/towerbooks.co\/index.php?rest_route=%2Fwp%2Fv2%2Fproduct_cat&post=53"},{"taxonomy":"product_tag","embeddable":true,"href":"https:\/\/towerbooks.co\/index.php?rest_route=%2Fwp%2Fv2%2Fproduct_tag&post=53"}],"curies":[{"name":"wp","href":"https:\/\/api.w.org\/{rel}","templated":true}]}}