{"id":240,"date":"2022-02-11T09:22:26","date_gmt":"2022-02-11T09:22:26","guid":{"rendered":"https:\/\/source.wpopal.com\/bookory\/?page_id=240"},"modified":"2026-03-12T22:58:58","modified_gmt":"2026-03-12T22:58:58","slug":"nosotros","status":"publish","type":"page","link":"https:\/\/towerbooks.co\/?page_id=240","title":{"rendered":"Nosotros"},"content":{"rendered":"\t\t<div data-elementor-type=\"wp-page\" data-elementor-id=\"240\" class=\"elementor elementor-240\">\n\t\t\t\t\t\t<div class=\"elementor-section elementor-top-section elementor-element elementor-element-9f0e011 elementor-section-stretched elementor-section-boxed elementor-section-height-default elementor-section-height-default\" data-id=\"9f0e011\" data-element_type=\"section\" data-settings=\"{&quot;stretch_section&quot;:&quot;section-stretched&quot;}\">\n\t\t\t\t\t\t<div class=\"elementor-container elementor-column-gap-no\">\n\t\t\t\t\t<div class=\"elementor-column elementor-col-100 elementor-top-column elementor-element elementor-element-a42040d\" data-id=\"a42040d\" data-element_type=\"column\">\n\t\t\t<div class=\"elementor-widget-wrap elementor-element-populated\">\n\t\t\t\t\t\t<div class=\"elementor-element elementor-element-ae12b42 elementor-widget elementor-widget-image\" data-id=\"ae12b42\" data-element_type=\"widget\" data-widget_type=\"image.default\">\n\t\t\t\t\t\t\t\t\t\t\t\t\t\t\t<img decoding=\"async\" width=\"261\" height=\"60\" src=\"https:\/\/towerbooks.co\/wp-content\/uploads\/2025\/11\/logo2.png\" class=\"attachment-full size-full wp-image-9101\" alt=\"\" \/>\t\t\t\t\t\t\t\t\t\t\t\t\t\t\t<\/div>\n\t\t\t\t<div class=\"elementor-element elementor-element-7379d19 elementor-widget__width-initial elementor-widget elementor-widget-heading\" data-id=\"7379d19\" data-element_type=\"widget\" data-widget_type=\"heading.default\">\n\t\t\t\t\t<h2 class=\"elementor-heading-title elementor-size-default\">Querido\/da maestro\/a, bibliotecario\/a, apreciando su vocaci\u00f3n de escoger, leer libros y recomendarlos a ni\u00f1os y j\u00f3venes. Presentamos con orgullo nuestro catalogo de Plan Lector; esperamos contribuir con tesoros literarios que formen y consoliden el gusto por la lectura y continuar pensando que los libros son una necesidad para el progreso.<\/h2>\t\t\t\t<\/div>\n\t\t\t\t\t<\/div>\n\t\t<\/div>\n\t\t\t\t\t<\/div>\n\t\t<\/div>\n\t\t\t\t<div class=\"elementor-section elementor-top-section elementor-element elementor-element-d5ae0a1 elementor-section-full_width elementor-section-stretched elementor-section-height-default elementor-section-height-default\" data-id=\"d5ae0a1\" data-element_type=\"section\" data-settings=\"{&quot;stretch_section&quot;:&quot;section-stretched&quot;,&quot;background_background&quot;:&quot;classic&quot;}\">\n\t\t\t\t\t\t<div class=\"elementor-container elementor-column-gap-no\">\n\t\t\t\t\t<div class=\"elementor-column elementor-col-100 elementor-top-column elementor-element elementor-element-5de8f5e\" data-id=\"5de8f5e\" data-element_type=\"column\">\n\t\t\t<div class=\"elementor-widget-wrap elementor-element-populated\">\n\t\t\t\t\t\t<div class=\"elementor-element elementor-element-2e02756 elementor-hidden-mobile elementor-widget elementor-widget-image\" data-id=\"2e02756\" data-element_type=\"widget\" data-widget_type=\"image.default\">\n\t\t\t\t\t\t\t\t\t\t\t\t\t\t\t<img fetchpriority=\"high\" decoding=\"async\" width=\"1024\" height=\"540\" src=\"https:\/\/towerbooks.co\/wp-content\/uploads\/2025\/11\/Gemini_Generated_Image_b202d8b202d8b202-1024x540.png\" class=\"attachment-post-thumbnail size-post-thumbnail wp-image-9127\" alt=\"\" \/>\t\t\t\t\t\t\t\t\t\t\t\t\t\t\t<\/div>\n\t\t\t\t\t<\/div>\n\t\t<\/div>\n\t\t\t\t\t<\/div>\n\t\t<\/div>\n\t\t\t\t<\/div>\n\t\t","protected":false},"excerpt":{"rendered":"<p>Querido\/da maestro\/a, bibliotecario\/a, apreciando su vocaci\u00f3n de escoger, leer libros y recomendarlos a ni\u00f1os y j\u00f3venes. Presentamos con orgullo nuestro catalogo de Plan Lector; esperamos contribuir con tesoros literarios que formen y consoliden el gusto por la lectura y continuar pensando que los libros son una necesidad para el progreso.<\/p>\n","protected":false},"author":1,"featured_media":0,"parent":0,"menu_order":0,"comment_status":"closed","ping_status":"closed","template":"template-homepage.php","meta":{"_themeisle_gutenberg_block_has_review":false,"footnotes":""},"class_list":["post-240","page","type-page","status-publish","hentry"],"_links":{"self":[{"href":"https:\/\/towerbooks.co\/index.php?rest_route=\/wp\/v2\/pages\/240","targetHints":{"allow":["GET"]}}],"collection":[{"href":"https:\/\/towerbooks.co\/index.php?rest_route=\/wp\/v2\/pages"}],"about":[{"href":"https:\/\/towerbooks.co\/index.php?rest_route=\/wp\/v2\/types\/page"}],"author":[{"embeddable":true,"href":"https:\/\/towerbooks.co\/index.php?rest_route=\/wp\/v2\/users\/1"}],"replies":[{"embeddable":true,"href":"https:\/\/towerbooks.co\/index.php?rest_route=%2Fwp%2Fv2%2Fcomments&post=240"}],"version-history":[{"count":5,"href":"https:\/\/towerbooks.co\/index.php?rest_route=\/wp\/v2\/pages\/240\/revisions"}],"predecessor-version":[{"id":9284,"href":"https:\/\/towerbooks.co\/index.php?rest_route=\/wp\/v2\/pages\/240\/revisions\/9284"}],"wp:attachment":[{"href":"https:\/\/towerbooks.co\/index.php?rest_route=%2Fwp%2Fv2%2Fmedia&parent=240"}],"curies":[{"name":"wp","href":"https:\/\/api.w.org\/{rel}","templated":true}]}}